{"id":1783,"date":"2023-10-28T12:29:18","date_gmt":"2023-10-28T10:29:18","guid":{"rendered":"https:\/\/pascaleparrein.fr\/?page_id=1783"},"modified":"2023-10-29T16:16:58","modified_gmt":"2023-10-29T15:16:58","slug":"portfolio","status":"publish","type":"page","link":"https:\/\/pascaleparrein.fr\/?page_id=1783","title":{"rendered":"Portfolio"},"content":{"rendered":"\t\t<div data-elementor-type=\"wp-page\" data-elementor-id=\"1783\" class=\"elementor elementor-1783\">\n\t\t\t\t\t\t\t\t\t<section class=\"elementor-section elementor-top-section elementor-element elementor-element-83746e8 elementor-section-height-min-height elementor-section-boxed elementor-section-height-default elementor-section-items-middle\" data-id=\"83746e8\" data-element_type=\"section\" data-settings=\"{&quot;background_background&quot;:&quot;classic&quot;}\">\n\t\t\t\t\t\t\t<div class=\"elementor-background-overlay\"><\/div>\n\t\t\t\t\t\t\t<div class=\"elementor-container elementor-column-gap-default\">\n\t\t\t\t\t<div class=\"elementor-column elementor-col-100 elementor-top-column elementor-element elementor-element-09faee3\" data-id=\"09faee3\" data-element_type=\"column\">\n\t\t\t<div class=\"elementor-widget-wrap elementor-element-populated\">\n\t\t\t\t\t\t\t\t<div class=\"elementor-element elementor-element-c7152a9 elementor-widget elementor-widget-heading\" data-id=\"c7152a9\" data-element_type=\"widget\" data-widget_type=\"heading.default\">\n\t\t\t\t<div class=\"elementor-widget-container\">\n\t\t\t<style>\/*! elementor - v3.16.0 - 17-10-2023 *\/\n.elementor-heading-title{padding:0;margin:0;line-height:1}.elementor-widget-heading .elementor-heading-title[class*=elementor-size-]>a{color:inherit;font-size:inherit;line-height:inherit}.elementor-widget-heading .elementor-heading-title.elementor-size-small{font-size:15px}.elementor-widget-heading .elementor-heading-title.elementor-size-medium{font-size:19px}.elementor-widget-heading .elementor-heading-title.elementor-size-large{font-size:29px}.elementor-widget-heading .elementor-heading-title.elementor-size-xl{font-size:39px}.elementor-widget-heading .elementor-heading-title.elementor-size-xxl{font-size:59px}<\/style><h1 class=\"elementor-heading-title elementor-size-default\">Cours<\/h1>\t\t<\/div>\n\t\t\t\t<\/div>\n\t\t\t\t\t<\/div>\n\t\t<\/div>\n\t\t\t\t\t\t\t<\/div>\n\t\t<\/section>\n\t\t\t\t<section class=\"elementor-section elementor-top-section elementor-element elementor-element-a92bf94 elementor-section-boxed elementor-section-height-default elementor-section-height-default\" data-id=\"a92bf94\" data-element_type=\"section\">\n\t\t\t\t\t\t<div class=\"elementor-container elementor-column-gap-default\">\n\t\t\t\t\t<div class=\"elementor-column elementor-col-50 elementor-top-column elementor-element elementor-element-f485586\" data-id=\"f485586\" data-element_type=\"column\">\n\t\t\t<div class=\"elementor-widget-wrap elementor-element-populated\">\n\t\t\t\t\t\t\t\t<div class=\"elementor-element elementor-element-b5d284b elementor-widget elementor-widget-image\" data-id=\"b5d284b\" data-element_type=\"widget\" data-widget_type=\"image.default\">\n\t\t\t\t<div class=\"elementor-widget-container\">\n\t\t\t<style>\/*! elementor - v3.16.0 - 17-10-2023 *\/\n.elementor-widget-image{text-align:center}.elementor-widget-image a{display:inline-block}.elementor-widget-image a img[src$=\".svg\"]{width:48px}.elementor-widget-image img{vertical-align:middle;display:inline-block}<\/style>\t\t\t\t\t\t\t\t\t\t\t\t<img decoding=\"async\" loading=\"lazy\" width=\"752\" height=\"752\" src=\"https:\/\/pascaleparrein.fr\/wp-content\/uploads\/2023\/10\/Images2Stage4.jpg\" class=\"attachment-full size-full wp-image-1792\" alt=\"\" srcset=\"https:\/\/pascaleparrein.fr\/wp-content\/uploads\/2023\/10\/Images2Stage4.jpg 752w, https:\/\/pascaleparrein.fr\/wp-content\/uploads\/2023\/10\/Images2Stage4-300x300.jpg 300w, https:\/\/pascaleparrein.fr\/wp-content\/uploads\/2023\/10\/Images2Stage4-150x150.jpg 150w\" sizes=\"(max-width: 752px) 100vw, 752px\" \/>\t\t\t\t\t\t\t\t\t\t\t\t\t\t\t<\/div>\n\t\t\t\t<\/div>\n\t\t\t\t\t<\/div>\n\t\t<\/div>\n\t\t\t\t<div class=\"elementor-column elementor-col-50 elementor-top-column elementor-element elementor-element-7d00c84\" data-id=\"7d00c84\" data-element_type=\"column\">\n\t\t\t<div class=\"elementor-widget-wrap elementor-element-populated\">\n\t\t\t\t\t\t\t\t<div class=\"elementor-element elementor-element-8ce1b85 elementor-widget elementor-widget-heading\" data-id=\"8ce1b85\" data-element_type=\"widget\" data-widget_type=\"heading.default\">\n\t\t\t\t<div class=\"elementor-widget-container\">\n\t\t\t<h4 class=\"elementor-heading-title elementor-size-default\">Description G\u00e9n\u00e9rale <\/h4>\t\t<\/div>\n\t\t\t\t<\/div>\n\t\t\t\t<div class=\"elementor-element elementor-element-c31e03f elementor-widget elementor-widget-text-editor\" data-id=\"c31e03f\" data-element_type=\"widget\" data-widget_type=\"text-editor.default\">\n\t\t\t\t<div class=\"elementor-widget-container\">\n\t\t\t<style>\/*! elementor - v3.16.0 - 17-10-2023 *\/\n.elementor-widget-text-editor.elementor-drop-cap-view-stacked .elementor-drop-cap{background-color:#69727d;color:#fff}.elementor-widget-text-editor.elementor-drop-cap-view-framed .elementor-drop-cap{color:#69727d;border:3px solid;background-color:transparent}.elementor-widget-text-editor:not(.elementor-drop-cap-view-default) .elementor-drop-cap{margin-top:8px}.elementor-widget-text-editor:not(.elementor-drop-cap-view-default) .elementor-drop-cap-letter{width:1em;height:1em}.elementor-widget-text-editor .elementor-drop-cap{float:left;text-align:center;line-height:1;font-size:50px}.elementor-widget-text-editor .elementor-drop-cap-letter{display:inline-block}<\/style>\t\t\t\t<p>Une bonne partie de mon travail est r\u00e9alis\u00e9e au moyen de la technique de la gravure. Cette technique h\u00e9rit\u00e9e des orf\u00e8vres \u00e9tait la seule technique disponible pour reproduire des images alors que la photographie n\u2019\u00e9tait pas d\u00e9couverte. Au fil du temps, elle s\u2019est affranchie de cet aspect utilitaire avec des artistes majeurs tels que Rembrandt, D\u00fcrer pour devenir un moyen d\u2019expression \u00e0 part enti\u00e8re dans l\u2019art contemporain avec des artistes comme Picasso, Hockney (\u2026).&nbsp; La gravure permet d\u2019allier un savoir faire technique exigeant compatible\n avec une pratique artistique la plus contemporaine. Avec 35 ans \nd\u2019exp\u00e9rience dans ce domaine acquise notamment dans les meilleurs ateliers d&rsquo;Europe et d&rsquo;Am\u00e9rique du nord, je me propose de partager ma passion pour \ncette technique . <\/p>\t\t\t\t\t\t<\/div>\n\t\t\t\t<\/div>\n\t\t\t\t\t<\/div>\n\t\t<\/div>\n\t\t\t\t\t\t\t<\/div>\n\t\t<\/section>\n\t\t\t\t<section class=\"elementor-section elementor-top-section elementor-element elementor-element-e2f6561 elementor-section-boxed elementor-section-height-default elementor-section-height-default\" data-id=\"e2f6561\" data-element_type=\"section\">\n\t\t\t\t\t\t<div class=\"elementor-container elementor-column-gap-default\">\n\t\t\t\t\t<div class=\"elementor-column elementor-col-50 elementor-top-column elementor-element elementor-element-e944046\" data-id=\"e944046\" data-element_type=\"column\">\n\t\t\t<div class=\"elementor-widget-wrap elementor-element-populated\">\n\t\t\t\t\t\t\t\t<div class=\"elementor-element elementor-element-0056be7 elementor-widget elementor-widget-image\" data-id=\"0056be7\" data-element_type=\"widget\" data-widget_type=\"image.default\">\n\t\t\t\t<div class=\"elementor-widget-container\">\n\t\t\t\t\t\t\t\t\t\t\t\t\t\t\t<img decoding=\"async\" loading=\"lazy\" width=\"700\" height=\"700\" src=\"https:\/\/pascaleparrein.fr\/wp-content\/uploads\/2023\/10\/Atelier-1.jpg\" class=\"attachment-full size-full wp-image-1779\" alt=\"\" srcset=\"https:\/\/pascaleparrein.fr\/wp-content\/uploads\/2023\/10\/Atelier-1.jpg 700w, https:\/\/pascaleparrein.fr\/wp-content\/uploads\/2023\/10\/Atelier-1-300x300.jpg 300w, https:\/\/pascaleparrein.fr\/wp-content\/uploads\/2023\/10\/Atelier-1-150x150.jpg 150w\" sizes=\"(max-width: 700px) 100vw, 700px\" \/>\t\t\t\t\t\t\t\t\t\t\t\t\t\t\t<\/div>\n\t\t\t\t<\/div>\n\t\t\t\t\t<\/div>\n\t\t<\/div>\n\t\t\t\t<div class=\"elementor-column elementor-col-50 elementor-top-column elementor-element elementor-element-e19c175\" data-id=\"e19c175\" data-element_type=\"column\">\n\t\t\t<div class=\"elementor-widget-wrap elementor-element-populated\">\n\t\t\t\t\t\t\t\t<div class=\"elementor-element elementor-element-a92099e elementor-widget elementor-widget-heading\" data-id=\"a92099e\" data-element_type=\"widget\" data-widget_type=\"heading.default\">\n\t\t\t\t<div class=\"elementor-widget-container\">\n\t\t\t<h4 class=\"elementor-heading-title elementor-size-default\">L'accueil<\/h4>\t\t<\/div>\n\t\t\t\t<\/div>\n\t\t\t\t<div class=\"elementor-element elementor-element-90d7d1b elementor-widget elementor-widget-text-editor\" data-id=\"90d7d1b\" data-element_type=\"widget\" data-widget_type=\"text-editor.default\">\n\t\t\t\t<div class=\"elementor-widget-container\">\n\t\t\t\t\t\t\t<p>Les cours se d\u00e9roulent dans mon atelier du quartier St Bruno \u00e0 Grenoble, \u00e9quip\u00e9 en mat\u00e9riel de gravure et notamment dot\u00e9 de 3 presses de taille douce.\u00a0\u00a0<\/p><p>Chaque cours que ce soit sur 3h ou une journ\u00e9e comprend une partie de travail de la plaque et une partie d&rsquo;impression. A l&rsquo;issue de la session, les participants repartent avec leur plaque et quelques tirages.<\/p><p>Il y a un maximum de 4 participants par session.<\/p>\t\t\t\t\t\t<\/div>\n\t\t\t\t<\/div>\n\t\t\t\t\t<\/div>\n\t\t<\/div>\n\t\t\t\t\t\t\t<\/div>\n\t\t<\/section>\n\t\t\t\t<section class=\"elementor-section elementor-top-section elementor-element elementor-element-f2400c1 elementor-section-boxed elementor-section-height-default elementor-section-height-default\" data-id=\"f2400c1\" data-element_type=\"section\">\n\t\t\t\t\t\t<div class=\"elementor-container elementor-column-gap-default\">\n\t\t\t\t\t<div class=\"elementor-column elementor-col-50 elementor-top-column elementor-element elementor-element-7609ad3\" data-id=\"7609ad3\" data-element_type=\"column\">\n\t\t\t<div class=\"elementor-widget-wrap elementor-element-populated\">\n\t\t\t\t\t\t\t\t<div class=\"elementor-element elementor-element-3dd6d97 elementor-widget elementor-widget-image\" data-id=\"3dd6d97\" data-element_type=\"widget\" data-widget_type=\"image.default\">\n\t\t\t\t<div class=\"elementor-widget-container\">\n\t\t\t\t\t\t\t\t\t\t\t\t\t\t\t<img decoding=\"async\" loading=\"lazy\" width=\"700\" height=\"698\" src=\"https:\/\/pascaleparrein.fr\/wp-content\/uploads\/2023\/10\/Images2Stage2.jpg\" class=\"attachment-full size-full wp-image-1790\" alt=\"\" srcset=\"https:\/\/pascaleparrein.fr\/wp-content\/uploads\/2023\/10\/Images2Stage2.jpg 700w, https:\/\/pascaleparrein.fr\/wp-content\/uploads\/2023\/10\/Images2Stage2-300x300.jpg 300w, https:\/\/pascaleparrein.fr\/wp-content\/uploads\/2023\/10\/Images2Stage2-150x150.jpg 150w\" sizes=\"(max-width: 700px) 100vw, 700px\" \/>\t\t\t\t\t\t\t\t\t\t\t\t\t\t\t<\/div>\n\t\t\t\t<\/div>\n\t\t\t\t\t<\/div>\n\t\t<\/div>\n\t\t\t\t<div class=\"elementor-column elementor-col-50 elementor-top-column elementor-element elementor-element-40bfc21\" data-id=\"40bfc21\" data-element_type=\"column\">\n\t\t\t<div class=\"elementor-widget-wrap elementor-element-populated\">\n\t\t\t\t\t\t\t\t<div class=\"elementor-element elementor-element-7cce840 elementor-widget__width-initial elementor-widget elementor-widget-heading\" data-id=\"7cce840\" data-element_type=\"widget\" data-widget_type=\"heading.default\">\n\t\t\t\t<div class=\"elementor-widget-container\">\n\t\t\t<h4 class=\"elementor-heading-title elementor-size-default\">Initiation gravure sur plexiglas  3 heures <\/h4>\t\t<\/div>\n\t\t\t\t<\/div>\n\t\t\t\t<div class=\"elementor-element elementor-element-18dff64 elementor-widget elementor-widget-text-editor\" data-id=\"18dff64\" data-element_type=\"widget\" data-widget_type=\"text-editor.default\">\n\t\t\t\t<div class=\"elementor-widget-container\">\n\t\t\t\t\t\t\t<p>Pour d\u00e9couvrir la technique on travaille avec une pointe directement sur une plaque de plexiglas d&rsquo;environ 15x10cm ou 15x15cm.\u00a0<\/p><p>Ensuite, on proc\u00e8de \u00e0 l&rsquo;encrage, l&rsquo;essuyage de la plaque et l&rsquo;impression sur une petite presse de taille douce. <\/p>\t\t\t\t\t\t<\/div>\n\t\t\t\t<\/div>\n\t\t\t\t\t<\/div>\n\t\t<\/div>\n\t\t\t\t\t\t\t<\/div>\n\t\t<\/section>\n\t\t\t\t<section class=\"elementor-section elementor-top-section elementor-element elementor-element-81b0575 elementor-section-boxed elementor-section-height-default elementor-section-height-default\" data-id=\"81b0575\" data-element_type=\"section\">\n\t\t\t\t\t\t<div class=\"elementor-container elementor-column-gap-default\">\n\t\t\t\t\t<div class=\"elementor-column elementor-col-50 elementor-top-column elementor-element elementor-element-15cfb90\" data-id=\"15cfb90\" data-element_type=\"column\">\n\t\t\t<div class=\"elementor-widget-wrap elementor-element-populated\">\n\t\t\t\t\t\t\t\t<div class=\"elementor-element elementor-element-a26d886 elementor-widget elementor-widget-image\" data-id=\"a26d886\" data-element_type=\"widget\" data-widget_type=\"image.default\">\n\t\t\t\t<div class=\"elementor-widget-container\">\n\t\t\t\t\t\t\t\t\t\t\t\t\t\t\t<img decoding=\"async\" loading=\"lazy\" width=\"752\" height=\"752\" src=\"https:\/\/pascaleparrein.fr\/wp-content\/uploads\/2023\/10\/Images2Stage4.jpg\" class=\"attachment-full size-full wp-image-1792\" alt=\"\" srcset=\"https:\/\/pascaleparrein.fr\/wp-content\/uploads\/2023\/10\/Images2Stage4.jpg 752w, https:\/\/pascaleparrein.fr\/wp-content\/uploads\/2023\/10\/Images2Stage4-300x300.jpg 300w, https:\/\/pascaleparrein.fr\/wp-content\/uploads\/2023\/10\/Images2Stage4-150x150.jpg 150w\" sizes=\"(max-width: 752px) 100vw, 752px\" \/>\t\t\t\t\t\t\t\t\t\t\t\t\t\t\t<\/div>\n\t\t\t\t<\/div>\n\t\t\t\t\t<\/div>\n\t\t<\/div>\n\t\t\t\t<div class=\"elementor-column elementor-col-50 elementor-top-column elementor-element elementor-element-97c09ce\" data-id=\"97c09ce\" data-element_type=\"column\">\n\t\t\t<div class=\"elementor-widget-wrap elementor-element-populated\">\n\t\t\t\t\t\t\t\t<div class=\"elementor-element elementor-element-cfc6530 elementor-widget elementor-widget-heading\" data-id=\"cfc6530\" data-element_type=\"widget\" data-widget_type=\"heading.default\">\n\t\t\t\t<div class=\"elementor-widget-container\">\n\t\t\t<h4 class=\"elementor-heading-title elementor-size-default\">Session de techniques \u00e0 l'eau forte  1 journ\u00e9e<\/h4>\t\t<\/div>\n\t\t\t\t<\/div>\n\t\t\t\t<div class=\"elementor-element elementor-element-f06fcd5 elementor-widget elementor-widget-text-editor\" data-id=\"f06fcd5\" data-element_type=\"widget\" data-widget_type=\"text-editor.default\">\n\t\t\t\t<div class=\"elementor-widget-container\">\n\t\t\t\t\t\t\t<p>Durant ces sessions, on d\u00e9couvre progressivement les techniques de gravure \u00e0 l&rsquo;eau forte, \u00e0 la pointe sur vernis dur, la technique de vernis mou, l&rsquo;aquatinte, les techniques de gravure au sucre. Les techniques peuvent \u00eatre ensuite combin\u00e9es judicieusement afin d&rsquo;enrichir le vocabulaire expressif et le rendu graphique. <\/p>\n<p>Chaque session s&rsquo;accompagne de moments d\u00e9di\u00e9s \u00e0 l&rsquo;impression, soit d&rsquo;\u00e9preuve d&rsquo;essai pour \u00e9valuer l&rsquo;avanc\u00e9e du travail, soit pour pr\u00e9parer une \u00e9dition. <\/p>\t\t\t\t\t\t<\/div>\n\t\t\t\t<\/div>\n\t\t\t\t\t<\/div>\n\t\t<\/div>\n\t\t\t\t\t\t\t<\/div>\n\t\t<\/section>\n\t\t\t\t<section class=\"elementor-section elementor-top-section elementor-element elementor-element-38ffe1b elementor-section-boxed elementor-section-height-default elementor-section-height-default\" data-id=\"38ffe1b\" data-element_type=\"section\">\n\t\t\t\t\t\t<div class=\"elementor-container elementor-column-gap-default\">\n\t\t\t\t\t<div class=\"elementor-column elementor-col-50 elementor-top-column elementor-element elementor-element-4dfa580\" data-id=\"4dfa580\" data-element_type=\"column\">\n\t\t\t<div class=\"elementor-widget-wrap elementor-element-populated\">\n\t\t\t\t\t\t\t\t<div class=\"elementor-element elementor-element-d8faf8a elementor-widget elementor-widget-image\" data-id=\"d8faf8a\" data-element_type=\"widget\" data-widget_type=\"image.default\">\n\t\t\t\t<div class=\"elementor-widget-container\">\n\t\t\t\t\t\t\t\t\t\t\t\t\t\t\t<img decoding=\"async\" loading=\"lazy\" width=\"714\" height=\"714\" src=\"https:\/\/pascaleparrein.fr\/wp-content\/uploads\/2023\/10\/Images2Stage3.jpg\" class=\"attachment-full size-full wp-image-1791\" alt=\"\" srcset=\"https:\/\/pascaleparrein.fr\/wp-content\/uploads\/2023\/10\/Images2Stage3.jpg 714w, https:\/\/pascaleparrein.fr\/wp-content\/uploads\/2023\/10\/Images2Stage3-300x300.jpg 300w, https:\/\/pascaleparrein.fr\/wp-content\/uploads\/2023\/10\/Images2Stage3-150x150.jpg 150w\" sizes=\"(max-width: 714px) 100vw, 714px\" \/>\t\t\t\t\t\t\t\t\t\t\t\t\t\t\t<\/div>\n\t\t\t\t<\/div>\n\t\t\t\t\t<\/div>\n\t\t<\/div>\n\t\t\t\t<div class=\"elementor-column elementor-col-50 elementor-top-column elementor-element elementor-element-8a4a840\" data-id=\"8a4a840\" data-element_type=\"column\">\n\t\t\t<div class=\"elementor-widget-wrap elementor-element-populated\">\n\t\t\t\t\t\t\t\t<div class=\"elementor-element elementor-element-5744ccf elementor-widget elementor-widget-heading\" data-id=\"5744ccf\" data-element_type=\"widget\" data-widget_type=\"heading.default\">\n\t\t\t\t<div class=\"elementor-widget-container\">\n\t\t\t<h4 class=\"elementor-heading-title elementor-size-default\">Session de gravure au Carborundum 1 journ\u00e9e<\/h4>\t\t<\/div>\n\t\t\t\t<\/div>\n\t\t\t\t<div class=\"elementor-element elementor-element-d3dc9ab elementor-widget elementor-widget-text-editor\" data-id=\"d3dc9ab\" data-element_type=\"widget\" data-widget_type=\"text-editor.default\">\n\t\t\t\t<div class=\"elementor-widget-container\">\n\t\t\t\t\t\t\t<p>Durant cette session, on d\u00e9couvre l&rsquo;usage du carborundum avec les diverses techniques d&rsquo;applications et de reprise qui permet d&rsquo;obtenir des textures riches et denses. Il est propos\u00e9e durant cette session de d\u00e9couvrir le monotype qui peut \u00eatre judicieusement combin\u00e9 avec. Une part importante dans cette session est d\u00e9di\u00e9e \u00e0 l&rsquo;impression.\u00a0 <\/p>\t\t\t\t\t\t<\/div>\n\t\t\t\t<\/div>\n\t\t\t\t\t<\/div>\n\t\t<\/div>\n\t\t\t\t\t\t\t<\/div>\n\t\t<\/section>\n\t\t\t\t<section class=\"elementor-section elementor-top-section elementor-element elementor-element-b6186b4 elementor-section-boxed elementor-section-height-default elementor-section-height-default\" data-id=\"b6186b4\" data-element_type=\"section\" data-settings=\"{&quot;background_background&quot;:&quot;classic&quot;}\">\n\t\t\t\t\t\t<div class=\"elementor-container elementor-column-gap-default\">\n\t\t\t\t\t<div class=\"elementor-column elementor-col-50 elementor-top-column elementor-element elementor-element-82668e3\" data-id=\"82668e3\" data-element_type=\"column\">\n\t\t\t<div class=\"elementor-widget-wrap elementor-element-populated\">\n\t\t\t\t\t\t\t\t<div class=\"elementor-element elementor-element-2449e1e elementor-widget elementor-widget-heading\" data-id=\"2449e1e\" data-element_type=\"widget\" data-widget_type=\"heading.default\">\n\t\t\t\t<div class=\"elementor-widget-container\">\n\t\t\t<h4 class=\"elementor-heading-title elementor-size-default\">A qui s'adressent les cours ?  <\/h4>\t\t<\/div>\n\t\t\t\t<\/div>\n\t\t\t\t<div class=\"elementor-element elementor-element-0d78433 elementor-widget__width-initial elementor-widget elementor-widget-text-editor\" data-id=\"0d78433\" data-element_type=\"widget\" data-widget_type=\"text-editor.default\">\n\t\t\t\t<div class=\"elementor-widget-container\">\n\t\t\t\t\t\t\t<p>\u00a0<\/p><div>Les cours d&rsquo;initiation sont ouverts aux adultes et aux jeunes \u00e0 partir de 12 ans, mais aussi en tandem adulte-enfant \u00e0 partir de 6 ans. Ces cours s&rsquo;adressent \u00e0 ceux qui ne connaissent pas la technique. La maitrise du dessin est pr\u00e9f\u00e9rable mais pas n\u00e9cessaire puisque l&rsquo;on travaille sur des plaques de plexi transparentes permettant de d\u00e9calquer une image.<br \/><br \/><\/div><div>Les cours \u00e0 l&rsquo;eau forte et au carborundum s&rsquo;adressent \u00e0 des personnes ayant suivi quelques cours d&rsquo;initiation ou ayant d\u00e9j\u00e0 pratiqu\u00e9 la gravure. Suivant leur motivation, les ados sont bienvenus, mais cela ne convient pas aux enfants.\u00a0 <br \/>Me contacter pour plus d&rsquo;information.<\/div><div>Cr\u00e9dit Photos : Patricia Rigaud.<\/div><div>\u00a0<\/div><p>\u00a0<\/p><div>\u00a0<\/div>\t\t\t\t\t\t<\/div>\n\t\t\t\t<\/div>\n\t\t\t\t\t<\/div>\n\t\t<\/div>\n\t\t\t\t<div class=\"elementor-column elementor-col-50 elementor-top-column elementor-element elementor-element-a1b4c52\" data-id=\"a1b4c52\" data-element_type=\"column\">\n\t\t\t<div class=\"elementor-widget-wrap elementor-element-populated\">\n\t\t\t\t\t\t\t\t<div class=\"elementor-element elementor-element-ddea1fe elementor-widget elementor-widget-image\" data-id=\"ddea1fe\" data-element_type=\"widget\" data-widget_type=\"image.default\">\n\t\t\t\t<div class=\"elementor-widget-container\">\n\t\t\t\t\t\t\t\t\t\t\t\t\t\t\t<img decoding=\"async\" loading=\"lazy\" width=\"700\" height=\"698\" src=\"https:\/\/pascaleparrein.fr\/wp-content\/uploads\/2023\/10\/Images2Stage.jpg\" class=\"attachment-large size-large wp-image-1789\" alt=\"\" srcset=\"https:\/\/pascaleparrein.fr\/wp-content\/uploads\/2023\/10\/Images2Stage.jpg 700w, https:\/\/pascaleparrein.fr\/wp-content\/uploads\/2023\/10\/Images2Stage-300x300.jpg 300w, https:\/\/pascaleparrein.fr\/wp-content\/uploads\/2023\/10\/Images2Stage-150x150.jpg 150w\" sizes=\"(max-width: 700px) 100vw, 700px\" \/>\t\t\t\t\t\t\t\t\t\t\t\t\t\t\t<\/div>\n\t\t\t\t<\/div>\n\t\t\t\t\t<\/div>\n\t\t<\/div>\n\t\t\t\t\t\t\t<\/div>\n\t\t<\/section>\n\t\t\t\t\t\t\t<\/div>\n\t\t","protected":false},"excerpt":{"rendered":"<p>Cours Description G\u00e9n\u00e9rale Une bonne partie de mon travail est r\u00e9alis\u00e9e au moyen de la technique de la gravure. Cette technique h\u00e9rit\u00e9e des orf\u00e8vres \u00e9tait la seule technique disponible pour reproduire des images alors que la photographie n\u2019\u00e9tait pas d\u00e9couverte. Au fil du temps, elle s\u2019est affranchie de cet aspect utilitaire avec des artistes majeurs &hellip;<\/p>\n<p class=\"read-more\"> <a class=\"\" href=\"https:\/\/pascaleparrein.fr\/?page_id=1783\"> <span class=\"screen-reader-text\">Portfolio<\/span> Lire la suite\u00a0\u00bb<\/a><\/p>\n","protected":false},"author":1,"featured_media":0,"parent":0,"menu_order":0,"comment_status":"closed","ping_status":"closed","template":"","meta":{"site-sidebar-layout":"no-sidebar","site-content-layout":"page-builder","ast-site-content-layout":"full-width-container","site-content-style":"unboxed","site-sidebar-style":"unboxed","ast-global-header-display":"","ast-banner-title-visibility":"","ast-main-header-display":"","ast-hfb-above-header-display":"","ast-hfb-below-header-display":"","ast-hfb-mobile-header-display":"","site-post-title":"disabled","ast-breadcrumbs-content":"","ast-featured-img":"disabled","footer-sml-layout":"","theme-transparent-header-meta":"enabled","adv-header-id-meta":"","stick-header-meta":"","header-above-stick-meta":"","header-main-stick-meta":"","header-below-stick-meta":"","astra-migrate-meta-layouts":"set","footnotes":""},"_links":{"self":[{"href":"https:\/\/pascaleparrein.fr\/index.php?rest_route=\/wp\/v2\/pages\/1783"}],"collection":[{"href":"https:\/\/pascaleparrein.fr\/index.php?rest_route=\/wp\/v2\/pages"}],"about":[{"href":"https:\/\/pascaleparrein.fr\/index.php?rest_route=\/wp\/v2\/types\/page"}],"author":[{"embeddable":true,"href":"https:\/\/pascaleparrein.fr\/index.php?rest_route=\/wp\/v2\/users\/1"}],"replies":[{"embeddable":true,"href":"https:\/\/pascaleparrein.fr\/index.php?rest_route=%2Fwp%2Fv2%2Fcomments&post=1783"}],"version-history":[{"count":15,"href":"https:\/\/pascaleparrein.fr\/index.php?rest_route=\/wp\/v2\/pages\/1783\/revisions"}],"predecessor-version":[{"id":1824,"href":"https:\/\/pascaleparrein.fr\/index.php?rest_route=\/wp\/v2\/pages\/1783\/revisions\/1824"}],"wp:attachment":[{"href":"https:\/\/pascaleparrein.fr\/index.php?rest_route=%2Fwp%2Fv2%2Fmedia&parent=1783"}],"curies":[{"name":"wp","href":"https:\/\/api.w.org\/{rel}","templated":true}]}}