{"id":1525,"date":"2023-10-21T12:07:34","date_gmt":"2023-10-21T10:07:34","guid":{"rendered":"https:\/\/pascaleparrein.fr\/?page_id=1525"},"modified":"2023-11-04T10:47:43","modified_gmt":"2023-11-04T09:47:43","slug":"un-autre-jour-2","status":"publish","type":"page","link":"https:\/\/pascaleparrein.fr\/?page_id=1525","title":{"rendered":"Un Autre Jour"},"content":{"rendered":"\t\t<div data-elementor-type=\"wp-page\" data-elementor-id=\"1525\" class=\"elementor elementor-1525\">\n\t\t\t\t\t\t\t<div class=\"elementor-element elementor-element-96e2134 e-flex e-con-boxed e-con e-parent\" data-id=\"96e2134\" data-element_type=\"container\" data-settings=\"{&quot;content_width&quot;:&quot;boxed&quot;}\" data-core-v316-plus=\"true\">\n\t\t\t\t\t<div class=\"e-con-inner\">\n\t\t\t\t<div class=\"elementor-element elementor-element-7108df5 elementor-widget elementor-widget-heading\" data-id=\"7108df5\" data-element_type=\"widget\" data-widget_type=\"heading.default\">\n\t\t\t\t<div class=\"elementor-widget-container\">\n\t\t\t<style>\/*! elementor - v3.16.0 - 17-10-2023 *\/\n.elementor-heading-title{padding:0;margin:0;line-height:1}.elementor-widget-heading .elementor-heading-title[class*=elementor-size-]>a{color:inherit;font-size:inherit;line-height:inherit}.elementor-widget-heading .elementor-heading-title.elementor-size-small{font-size:15px}.elementor-widget-heading .elementor-heading-title.elementor-size-medium{font-size:19px}.elementor-widget-heading .elementor-heading-title.elementor-size-large{font-size:29px}.elementor-widget-heading .elementor-heading-title.elementor-size-xl{font-size:39px}.elementor-widget-heading .elementor-heading-title.elementor-size-xxl{font-size:59px}<\/style><h2 class=\"elementor-heading-title elementor-size-default\">Un autre Jour<\/h2>\t\t<\/div>\n\t\t\t\t<\/div>\n\t\t\t\t<div class=\"elementor-element elementor-element-8feac1f gallery-spacing-custom elementor-widget elementor-widget-image-gallery\" data-id=\"8feac1f\" data-element_type=\"widget\" data-widget_type=\"image-gallery.default\">\n\t\t\t\t<div class=\"elementor-widget-container\">\n\t\t\t<style>\/*! elementor - v3.16.0 - 17-10-2023 *\/\n.elementor-image-gallery .gallery-item{display:inline-block;text-align:center;vertical-align:top;width:100%;max-width:100%;margin:0 auto}.elementor-image-gallery .gallery-item img{margin:0 auto}.elementor-image-gallery .gallery-item .gallery-caption{margin:0}.elementor-image-gallery figure img{display:block}.elementor-image-gallery figure figcaption{width:100%}.gallery-spacing-custom .elementor-image-gallery .gallery-icon{padding:0}@media (min-width:768px){.elementor-image-gallery .gallery-columns-2 .gallery-item{max-width:50%}.elementor-image-gallery .gallery-columns-3 .gallery-item{max-width:33.33%}.elementor-image-gallery .gallery-columns-4 .gallery-item{max-width:25%}.elementor-image-gallery .gallery-columns-5 .gallery-item{max-width:20%}.elementor-image-gallery .gallery-columns-6 .gallery-item{max-width:16.666%}.elementor-image-gallery .gallery-columns-7 .gallery-item{max-width:14.28%}.elementor-image-gallery .gallery-columns-8 .gallery-item{max-width:12.5%}.elementor-image-gallery .gallery-columns-9 .gallery-item{max-width:11.11%}.elementor-image-gallery .gallery-columns-10 .gallery-item{max-width:10%}}@media (min-width:480px) and (max-width:767px){.elementor-image-gallery .gallery.gallery-columns-2 .gallery-item,.elementor-image-gallery .gallery.gallery-columns-3 .gallery-item,.elementor-image-gallery .gallery.gallery-columns-4 .gallery-item,.elementor-image-gallery .gallery.gallery-columns-5 .gallery-item,.elementor-image-gallery .gallery.gallery-columns-6 .gallery-item,.elementor-image-gallery .gallery.gallery-columns-7 .gallery-item,.elementor-image-gallery .gallery.gallery-columns-8 .gallery-item,.elementor-image-gallery .gallery.gallery-columns-9 .gallery-item,.elementor-image-gallery .gallery.gallery-columns-10 .gallery-item{max-width:50%}}@media (max-width:479px){.elementor-image-gallery .gallery.gallery-columns-2 .gallery-item,.elementor-image-gallery .gallery.gallery-columns-3 .gallery-item,.elementor-image-gallery .gallery.gallery-columns-4 .gallery-item,.elementor-image-gallery .gallery.gallery-columns-5 .gallery-item,.elementor-image-gallery .gallery.gallery-columns-6 .gallery-item,.elementor-image-gallery .gallery.gallery-columns-7 .gallery-item,.elementor-image-gallery .gallery.gallery-columns-8 .gallery-item,.elementor-image-gallery .gallery.gallery-columns-9 .gallery-item,.elementor-image-gallery .gallery.gallery-columns-10 .gallery-item{max-width:100%}}<\/style>\t\t<div class=\"elementor-image-gallery\">\n\t\t\t<div id='gallery-1' class='gallery galleryid-1525 gallery-columns-3 gallery-size-full'><figure class='gallery-item'>\n\t\t\t<div class='gallery-icon portrait'>\n\t\t\t\t<a data-elementor-open-lightbox=\"yes\" data-elementor-lightbox-slideshow=\"8feac1f\" data-elementor-lightbox-title=\"La consolation I\" data-elementor-lightbox-description=\"Dessin encre fusain et aquarelle 40x50cm\" data-e-action-hash=\"#elementor-action%3Aaction%3Dlightbox%26settings%3DeyJpZCI6MTUyOCwidXJsIjoiaHR0cHM6XC9cL3Bhc2NhbGVwYXJyZWluLmZyXC93cC1jb250ZW50XC91cGxvYWRzXC8yMDIzXC8xMFwvTGEtY29uc29sYXRpb24tSS5qcGciLCJzbGlkZXNob3ciOiI4ZmVhYzFmIn0%3D\" href='https:\/\/pascaleparrein.fr\/wp-content\/uploads\/2023\/10\/La-consolation-I.jpg'><img width=\"700\" height=\"876\" src=\"https:\/\/pascaleparrein.fr\/wp-content\/uploads\/2023\/10\/La-consolation-I.jpg\" class=\"attachment-full size-full\" alt=\"\" decoding=\"async\" aria-describedby=\"gallery-1-1528\" loading=\"lazy\" srcset=\"https:\/\/pascaleparrein.fr\/wp-content\/uploads\/2023\/10\/La-consolation-I.jpg 700w, https:\/\/pascaleparrein.fr\/wp-content\/uploads\/2023\/10\/La-consolation-I-240x300.jpg 240w\" sizes=\"(max-width: 700px) 100vw, 700px\" \/><\/a>\n\t\t\t<\/div>\n\t\t\t\t<figcaption class='wp-caption-text gallery-caption' id='gallery-1-1528'>\n\t\t\t\tLa Consolation I\n\t\t\t\t<\/figcaption><\/figure><figure class='gallery-item'>\n\t\t\t<div class='gallery-icon portrait'>\n\t\t\t\t<a data-elementor-open-lightbox=\"yes\" data-elementor-lightbox-slideshow=\"8feac1f\" data-elementor-lightbox-title=\"La consolation II\" data-elementor-lightbox-description=\"Dessin encre fusain et aquarelle 40x50cm\" data-e-action-hash=\"#elementor-action%3Aaction%3Dlightbox%26settings%3DeyJpZCI6MTUyOSwidXJsIjoiaHR0cHM6XC9cL3Bhc2NhbGVwYXJyZWluLmZyXC93cC1jb250ZW50XC91cGxvYWRzXC8yMDIzXC8xMFwvTGEtY29uc29sYXRpb24tSUkuanBnIiwic2xpZGVzaG93IjoiOGZlYWMxZiJ9\" href='https:\/\/pascaleparrein.fr\/wp-content\/uploads\/2023\/10\/La-consolation-II.jpg'><img width=\"700\" height=\"874\" src=\"https:\/\/pascaleparrein.fr\/wp-content\/uploads\/2023\/10\/La-consolation-II.jpg\" class=\"attachment-full size-full\" alt=\"La consolation II\" decoding=\"async\" aria-describedby=\"gallery-1-1529\" loading=\"lazy\" srcset=\"https:\/\/pascaleparrein.fr\/wp-content\/uploads\/2023\/10\/La-consolation-II.jpg 700w, https:\/\/pascaleparrein.fr\/wp-content\/uploads\/2023\/10\/La-consolation-II-240x300.jpg 240w\" sizes=\"(max-width: 700px) 100vw, 700px\" \/><\/a>\n\t\t\t<\/div>\n\t\t\t\t<figcaption class='wp-caption-text gallery-caption' id='gallery-1-1529'>\n\t\t\t\tLa Consolation \n\t\t\t\t<\/figcaption><\/figure><figure class='gallery-item'>\n\t\t\t<div class='gallery-icon portrait'>\n\t\t\t\t<a data-elementor-open-lightbox=\"yes\" data-elementor-lightbox-slideshow=\"8feac1f\" data-elementor-lightbox-title=\"Dualit\u00e9\" data-elementor-lightbox-description=\"Dessin encre fusain et aquarelle 40x50cm\" data-e-action-hash=\"#elementor-action%3Aaction%3Dlightbox%26settings%3DeyJpZCI6MTUzMCwidXJsIjoiaHR0cHM6XC9cL3Bhc2NhbGVwYXJyZWluLmZyXC93cC1jb250ZW50XC91cGxvYWRzXC8yMDIzXC8xMFwvTGEtY29uc29sYXRpb24uanBnIiwic2xpZGVzaG93IjoiOGZlYWMxZiJ9\" href='https:\/\/pascaleparrein.fr\/wp-content\/uploads\/2023\/10\/La-consolation.jpg'><img width=\"700\" height=\"875\" src=\"https:\/\/pascaleparrein.fr\/wp-content\/uploads\/2023\/10\/La-consolation.jpg\" class=\"attachment-full size-full\" alt=\"Dualit\u00e9\" decoding=\"async\" aria-describedby=\"gallery-1-1530\" loading=\"lazy\" srcset=\"https:\/\/pascaleparrein.fr\/wp-content\/uploads\/2023\/10\/La-consolation.jpg 700w, https:\/\/pascaleparrein.fr\/wp-content\/uploads\/2023\/10\/La-consolation-240x300.jpg 240w\" sizes=\"(max-width: 700px) 100vw, 700px\" \/><\/a>\n\t\t\t<\/div>\n\t\t\t\t<figcaption class='wp-caption-text gallery-caption' id='gallery-1-1530'>\n\t\t\t\tDualit\u00e9\n\t\t\t\t<\/figcaption><\/figure><figure class='gallery-item'>\n\t\t\t<div class='gallery-icon portrait'>\n\t\t\t\t<a data-elementor-open-lightbox=\"yes\" data-elementor-lightbox-slideshow=\"8feac1f\" data-elementor-lightbox-title=\"La Discussion\" data-elementor-lightbox-description=\"Dessin encre fusain et aquarelle 40x50cm\" data-e-action-hash=\"#elementor-action%3Aaction%3Dlightbox%26settings%3DeyJpZCI6MTUzMSwidXJsIjoiaHR0cHM6XC9cL3Bhc2NhbGVwYXJyZWluLmZyXC93cC1jb250ZW50XC91cGxvYWRzXC8yMDIzXC8xMFwvTGEtRGlzY3Vzc2lvbi5qcGciLCJzbGlkZXNob3ciOiI4ZmVhYzFmIn0%3D\" href='https:\/\/pascaleparrein.fr\/wp-content\/uploads\/2023\/10\/La-Discussion.jpg'><img width=\"728\" height=\"909\" src=\"https:\/\/pascaleparrein.fr\/wp-content\/uploads\/2023\/10\/La-Discussion.jpg\" class=\"attachment-full size-full\" alt=\"La discussion\" decoding=\"async\" aria-describedby=\"gallery-1-1531\" loading=\"lazy\" srcset=\"https:\/\/pascaleparrein.fr\/wp-content\/uploads\/2023\/10\/La-Discussion.jpg 728w, https:\/\/pascaleparrein.fr\/wp-content\/uploads\/2023\/10\/La-Discussion-240x300.jpg 240w\" sizes=\"(max-width: 728px) 100vw, 728px\" \/><\/a>\n\t\t\t<\/div>\n\t\t\t\t<figcaption class='wp-caption-text gallery-caption' id='gallery-1-1531'>\n\t\t\t\tLa Discussion \n\t\t\t\t<\/figcaption><\/figure><figure class='gallery-item'>\n\t\t\t<div class='gallery-icon portrait'>\n\t\t\t\t<a data-elementor-open-lightbox=\"yes\" data-elementor-lightbox-slideshow=\"8feac1f\" data-elementor-lightbox-title=\"L entretien\" data-elementor-lightbox-description=\"Dessin encre fusain et aquarelle 40x50cm\" data-e-action-hash=\"#elementor-action%3Aaction%3Dlightbox%26settings%3DeyJpZCI6MTUyNywidXJsIjoiaHR0cHM6XC9cL3Bhc2NhbGVwYXJyZWluLmZyXC93cC1jb250ZW50XC91cGxvYWRzXC8yMDIzXC8xMFwvTC1lbnRyZXRpZW4uanBnIiwic2xpZGVzaG93IjoiOGZlYWMxZiJ9\" href='https:\/\/pascaleparrein.fr\/wp-content\/uploads\/2023\/10\/L-entretien.jpg'><img width=\"774\" height=\"968\" src=\"https:\/\/pascaleparrein.fr\/wp-content\/uploads\/2023\/10\/L-entretien.jpg\" class=\"attachment-full size-full\" alt=\"L&#039;entretien\" decoding=\"async\" aria-describedby=\"gallery-1-1527\" loading=\"lazy\" srcset=\"https:\/\/pascaleparrein.fr\/wp-content\/uploads\/2023\/10\/L-entretien.jpg 774w, https:\/\/pascaleparrein.fr\/wp-content\/uploads\/2023\/10\/L-entretien-240x300.jpg 240w, https:\/\/pascaleparrein.fr\/wp-content\/uploads\/2023\/10\/L-entretien-768x960.jpg 768w\" sizes=\"(max-width: 774px) 100vw, 774px\" \/><\/a>\n\t\t\t<\/div>\n\t\t\t\t<figcaption class='wp-caption-text gallery-caption' id='gallery-1-1527'>\n\t\t\t\tL&rsquo;entretien \n\t\t\t\t<\/figcaption><\/figure><figure class='gallery-item'>\n\t\t\t<div class='gallery-icon portrait'>\n\t\t\t\t<a data-elementor-open-lightbox=\"yes\" data-elementor-lightbox-slideshow=\"8feac1f\" data-elementor-lightbox-title=\"Un soir\" data-elementor-lightbox-description=\"Dessin encre fusain et aquarelle 40x50cm\" data-e-action-hash=\"#elementor-action%3Aaction%3Dlightbox%26settings%3DeyJpZCI6MTUzOSwidXJsIjoiaHR0cHM6XC9cL3Bhc2NhbGVwYXJyZWluLmZyXC93cC1jb250ZW50XC91cGxvYWRzXC8yMDIzXC8xMFwvVW4tc29pci5qcGciLCJzbGlkZXNob3ciOiI4ZmVhYzFmIn0%3D\" href='https:\/\/pascaleparrein.fr\/wp-content\/uploads\/2023\/10\/Un-soir.jpg'><img width=\"768\" height=\"961\" src=\"https:\/\/pascaleparrein.fr\/wp-content\/uploads\/2023\/10\/Un-soir.jpg\" class=\"attachment-full size-full\" alt=\"Un soir\" decoding=\"async\" aria-describedby=\"gallery-1-1539\" loading=\"lazy\" srcset=\"https:\/\/pascaleparrein.fr\/wp-content\/uploads\/2023\/10\/Un-soir.jpg 768w, https:\/\/pascaleparrein.fr\/wp-content\/uploads\/2023\/10\/Un-soir-240x300.jpg 240w\" sizes=\"(max-width: 768px) 100vw, 768px\" \/><\/a>\n\t\t\t<\/div>\n\t\t\t\t<figcaption class='wp-caption-text gallery-caption' id='gallery-1-1539'>\n\t\t\t\tUn Soir\n\t\t\t\t<\/figcaption><\/figure><figure class='gallery-item'>\n\t\t\t<div class='gallery-icon portrait'>\n\t\t\t\t<a data-elementor-open-lightbox=\"yes\" data-elementor-lightbox-slideshow=\"8feac1f\" data-elementor-lightbox-title=\"La mari\u00e9e\" data-elementor-lightbox-description=\"Dessin encre fusain et aquarelle 40x50cm\" data-e-action-hash=\"#elementor-action%3Aaction%3Dlightbox%26settings%3DeyJpZCI6MTUzMywidXJsIjoiaHR0cHM6XC9cL3Bhc2NhbGVwYXJyZWluLmZyXC93cC1jb250ZW50XC91cGxvYWRzXC8yMDIzXC8xMFwvTGEtTWFyaWVlLTEuanBnIiwic2xpZGVzaG93IjoiOGZlYWMxZiJ9\" href='https:\/\/pascaleparrein.fr\/wp-content\/uploads\/2023\/10\/La-Mariee-1.jpg'><img width=\"700\" height=\"875\" src=\"https:\/\/pascaleparrein.fr\/wp-content\/uploads\/2023\/10\/La-Mariee-1.jpg\" class=\"attachment-full size-full\" alt=\"La mari\u00e9e\" decoding=\"async\" aria-describedby=\"gallery-1-1533\" loading=\"lazy\" srcset=\"https:\/\/pascaleparrein.fr\/wp-content\/uploads\/2023\/10\/La-Mariee-1.jpg 700w, https:\/\/pascaleparrein.fr\/wp-content\/uploads\/2023\/10\/La-Mariee-1-240x300.jpg 240w\" sizes=\"(max-width: 700px) 100vw, 700px\" \/><\/a>\n\t\t\t<\/div>\n\t\t\t\t<figcaption class='wp-caption-text gallery-caption' id='gallery-1-1533'>\n\t\t\t\tLa Mari\u00e9e\n\t\t\t\t<\/figcaption><\/figure><figure class='gallery-item'>\n\t\t\t<div class='gallery-icon portrait'>\n\t\t\t\t<a data-elementor-open-lightbox=\"yes\" data-elementor-lightbox-slideshow=\"8feac1f\" data-elementor-lightbox-title=\"La grande Mariee\" data-elementor-lightbox-description=\"Dessin encre fusain et aquarelle 50x65cm\" data-e-action-hash=\"#elementor-action%3Aaction%3Dlightbox%26settings%3DeyJpZCI6MTUzMiwidXJsIjoiaHR0cHM6XC9cL3Bhc2NhbGVwYXJyZWluLmZyXC93cC1jb250ZW50XC91cGxvYWRzXC8yMDIzXC8xMFwvTGEtZ3JhbmRlLU1hcmllZS5qcGciLCJzbGlkZXNob3ciOiI4ZmVhYzFmIn0%3D\" href='https:\/\/pascaleparrein.fr\/wp-content\/uploads\/2023\/10\/La-grande-Mariee.jpg'><img width=\"750\" height=\"937\" src=\"https:\/\/pascaleparrein.fr\/wp-content\/uploads\/2023\/10\/La-grande-Mariee.jpg\" class=\"attachment-full size-full\" alt=\"La Grande Mari\u00e9e\" decoding=\"async\" aria-describedby=\"gallery-1-1532\" loading=\"lazy\" srcset=\"https:\/\/pascaleparrein.fr\/wp-content\/uploads\/2023\/10\/La-grande-Mariee.jpg 750w, https:\/\/pascaleparrein.fr\/wp-content\/uploads\/2023\/10\/La-grande-Mariee-240x300.jpg 240w\" sizes=\"(max-width: 750px) 100vw, 750px\" \/><\/a>\n\t\t\t<\/div>\n\t\t\t\t<figcaption class='wp-caption-text gallery-caption' id='gallery-1-1532'>\n\t\t\t\tLa Grande Mari\u00e9e\n\t\t\t\t<\/figcaption><\/figure><figure class='gallery-item'>\n\t\t\t<div class='gallery-icon portrait'>\n\t\t\t\t<a data-elementor-open-lightbox=\"yes\" data-elementor-lightbox-slideshow=\"8feac1f\" data-elementor-lightbox-title=\"La Mariee 3\" data-elementor-lightbox-description=\"Dessin encre fusain et aquarelle 40x50cm\" data-e-action-hash=\"#elementor-action%3Aaction%3Dlightbox%26settings%3DeyJpZCI6MTUzNCwidXJsIjoiaHR0cHM6XC9cL3Bhc2NhbGVwYXJyZWluLmZyXC93cC1jb250ZW50XC91cGxvYWRzXC8yMDIzXC8xMFwvTGEtTWFyaWVlLTMuanBnIiwic2xpZGVzaG93IjoiOGZlYWMxZiJ9\" href='https:\/\/pascaleparrein.fr\/wp-content\/uploads\/2023\/10\/La-Mariee-3.jpg'><img width=\"700\" height=\"875\" src=\"https:\/\/pascaleparrein.fr\/wp-content\/uploads\/2023\/10\/La-Mariee-3.jpg\" class=\"attachment-full size-full\" alt=\"La Mari\u00e9e 3\" decoding=\"async\" aria-describedby=\"gallery-1-1534\" loading=\"lazy\" srcset=\"https:\/\/pascaleparrein.fr\/wp-content\/uploads\/2023\/10\/La-Mariee-3.jpg 700w, https:\/\/pascaleparrein.fr\/wp-content\/uploads\/2023\/10\/La-Mariee-3-240x300.jpg 240w\" sizes=\"(max-width: 700px) 100vw, 700px\" \/><\/a>\n\t\t\t<\/div>\n\t\t\t\t<figcaption class='wp-caption-text gallery-caption' id='gallery-1-1534'>\n\t\t\t\tLa Mari\u00e9e 3 \n\t\t\t\t<\/figcaption><\/figure><figure class='gallery-item'>\n\t\t\t<div class='gallery-icon portrait'>\n\t\t\t\t<a data-elementor-open-lightbox=\"yes\" data-elementor-lightbox-slideshow=\"8feac1f\" data-elementor-lightbox-title=\"Petit Envol\" data-elementor-lightbox-description=\"Dessin encre fusain et aquarelle 40x50cm\" data-e-action-hash=\"#elementor-action%3Aaction%3Dlightbox%26settings%3DeyJpZCI6MTUzNSwidXJsIjoiaHR0cHM6XC9cL3Bhc2NhbGVwYXJyZWluLmZyXC93cC1jb250ZW50XC91cGxvYWRzXC8yMDIzXC8xMFwvUGV0aXQtRW52b2wuanBnIiwic2xpZGVzaG93IjoiOGZlYWMxZiJ9\" href='https:\/\/pascaleparrein.fr\/wp-content\/uploads\/2023\/10\/Petit-Envol.jpg'><img width=\"700\" height=\"875\" src=\"https:\/\/pascaleparrein.fr\/wp-content\/uploads\/2023\/10\/Petit-Envol.jpg\" class=\"attachment-full size-full\" alt=\"Petit Envol\" decoding=\"async\" aria-describedby=\"gallery-1-1535\" loading=\"lazy\" srcset=\"https:\/\/pascaleparrein.fr\/wp-content\/uploads\/2023\/10\/Petit-Envol.jpg 700w, https:\/\/pascaleparrein.fr\/wp-content\/uploads\/2023\/10\/Petit-Envol-240x300.jpg 240w\" sizes=\"(max-width: 700px) 100vw, 700px\" \/><\/a>\n\t\t\t<\/div>\n\t\t\t\t<figcaption class='wp-caption-text gallery-caption' id='gallery-1-1535'>\n\t\t\t\tPetit Envol\n\t\t\t\t<\/figcaption><\/figure><figure class='gallery-item'>\n\t\t\t<div class='gallery-icon portrait'>\n\t\t\t\t<a data-elementor-open-lightbox=\"yes\" data-elementor-lightbox-slideshow=\"8feac1f\" data-elementor-lightbox-title=\"Jeu\" data-elementor-lightbox-description=\"Dessin encre fusain et aquarelle 40x50cm\" data-e-action-hash=\"#elementor-action%3Aaction%3Dlightbox%26settings%3DeyJpZCI6MTUzNiwidXJsIjoiaHR0cHM6XC9cL3Bhc2NhbGVwYXJyZWluLmZyXC93cC1jb250ZW50XC91cGxvYWRzXC8yMDIzXC8xMFwvUGV0aXQtSmV1LmpwZyIsInNsaWRlc2hvdyI6IjhmZWFjMWYifQ%3D%3D\" href='https:\/\/pascaleparrein.fr\/wp-content\/uploads\/2023\/10\/Petit-Jeu.jpg'><img width=\"700\" height=\"879\" src=\"https:\/\/pascaleparrein.fr\/wp-content\/uploads\/2023\/10\/Petit-Jeu.jpg\" class=\"attachment-full size-full\" alt=\"Jeu\" decoding=\"async\" aria-describedby=\"gallery-1-1536\" loading=\"lazy\" srcset=\"https:\/\/pascaleparrein.fr\/wp-content\/uploads\/2023\/10\/Petit-Jeu.jpg 700w, https:\/\/pascaleparrein.fr\/wp-content\/uploads\/2023\/10\/Petit-Jeu-239x300.jpg 239w\" sizes=\"(max-width: 700px) 100vw, 700px\" \/><\/a>\n\t\t\t<\/div>\n\t\t\t\t<figcaption class='wp-caption-text gallery-caption' id='gallery-1-1536'>\n\t\t\t\tJeu\n\t\t\t\t<\/figcaption><\/figure><figure class='gallery-item'>\n\t\t\t<div class='gallery-icon portrait'>\n\t\t\t\t<a data-elementor-open-lightbox=\"yes\" data-elementor-lightbox-slideshow=\"8feac1f\" data-elementor-lightbox-title=\"Un Autre Jour\" data-elementor-lightbox-description=\"Dessin encre fusain et aquarelle 40x50cm\" data-e-action-hash=\"#elementor-action%3Aaction%3Dlightbox%26settings%3DeyJpZCI6MTUzNywidXJsIjoiaHR0cHM6XC9cL3Bhc2NhbGVwYXJyZWluLmZyXC93cC1jb250ZW50XC91cGxvYWRzXC8yMDIzXC8xMFwvVW4tQXV0cmUtSm91ci0uanBnIiwic2xpZGVzaG93IjoiOGZlYWMxZiJ9\" href='https:\/\/pascaleparrein.fr\/wp-content\/uploads\/2023\/10\/Un-Autre-Jour-.jpg'><img width=\"700\" height=\"875\" src=\"https:\/\/pascaleparrein.fr\/wp-content\/uploads\/2023\/10\/Un-Autre-Jour-.jpg\" class=\"attachment-full size-full\" alt=\"Un Autre Jour\" decoding=\"async\" aria-describedby=\"gallery-1-1537\" loading=\"lazy\" srcset=\"https:\/\/pascaleparrein.fr\/wp-content\/uploads\/2023\/10\/Un-Autre-Jour-.jpg 700w, https:\/\/pascaleparrein.fr\/wp-content\/uploads\/2023\/10\/Un-Autre-Jour--240x300.jpg 240w\" sizes=\"(max-width: 700px) 100vw, 700px\" \/><\/a>\n\t\t\t<\/div>\n\t\t\t\t<figcaption class='wp-caption-text gallery-caption' id='gallery-1-1537'>\n\t\t\t\tUn Autre Jour\n\t\t\t\t<\/figcaption><\/figure>\n\t\t<\/div>\n\t\t<\/div>\n\t\t\t\t<\/div>\n\t\t\t\t<\/div>\n\t\t\t\t\t<\/div>\n\t\t\t\t<\/div>\n\t\t\t\t\t\t\t<\/div>\n\t\t","protected":false},"excerpt":{"rendered":"<p>Un autre Jour La Consolation I La Consolation Dualit\u00e9 La Discussion L&rsquo;entretien Un Soir La Mari\u00e9e La Grande Mari\u00e9e La Mari\u00e9e 3 Petit Envol Jeu Un Autre Jour<\/p>\n","protected":false},"author":1,"featured_media":0,"parent":0,"menu_order":0,"comment_status":"closed","ping_status":"closed","template":"","meta":{"site-sidebar-layout":"no-sidebar","site-content-layout":"page-builder","ast-site-content-layout":"full-width-container","site-content-style":"default","site-sidebar-style":"default","ast-global-header-display":"","ast-banner-title-visibility":"","ast-main-header-display":"","ast-hfb-above-header-display":"","ast-hfb-below-header-display":"","ast-hfb-mobile-header-display":"","site-post-title":"disabled","ast-breadcrumbs-content":"","ast-featured-img":"disabled","footer-sml-layout":"","theme-transparent-header-meta":"","adv-header-id-meta":"","stick-header-meta":"","header-above-stick-meta":"","header-main-stick-meta":"","header-below-stick-meta":"","astra-migrate-meta-layouts":"set","footnotes":""},"_links":{"self":[{"href":"https:\/\/pascaleparrein.fr\/index.php?rest_route=\/wp\/v2\/pages\/1525"}],"collection":[{"href":"https:\/\/pascaleparrein.fr\/index.php?rest_route=\/wp\/v2\/pages"}],"about":[{"href":"https:\/\/pascaleparrein.fr\/index.php?rest_route=\/wp\/v2\/types\/page"}],"author":[{"embeddable":true,"href":"https:\/\/pascaleparrein.fr\/index.php?rest_route=\/wp\/v2\/users\/1"}],"replies":[{"embeddable":true,"href":"https:\/\/pascaleparrein.fr\/index.php?rest_route=%2Fwp%2Fv2%2Fcomments&post=1525"}],"version-history":[{"count":10,"href":"https:\/\/pascaleparrein.fr\/index.php?rest_route=\/wp\/v2\/pages\/1525\/revisions"}],"predecessor-version":[{"id":1935,"href":"https:\/\/pascaleparrein.fr\/index.php?rest_route=\/wp\/v2\/pages\/1525\/revisions\/1935"}],"wp:attachment":[{"href":"https:\/\/pascaleparrein.fr\/index.php?rest_route=%2Fwp%2Fv2%2Fmedia&parent=1525"}],"curies":[{"name":"wp","href":"https:\/\/api.w.org\/{rel}","templated":true}]}}